{"id":1477,"date":"2026-02-02T10:20:52","date_gmt":"2026-02-02T09:20:52","guid":{"rendered":"https:\/\/www.hetblijeschaap.com\/haftungsausschluss\/"},"modified":"2026-02-10T08:46:47","modified_gmt":"2026-02-10T07:46:47","slug":"haftungsausschluss","status":"publish","type":"page","link":"https:\/\/www.hetblijeschaap.com\/de\/haftungsausschluss\/","title":{"rendered":"Haftungsausschluss"},"content":{"rendered":"\t\t<div data-elementor-type=\"wp-page\" data-elementor-id=\"1477\" class=\"elementor elementor-1477 elementor-1057\" data-elementor-post-type=\"page\">\n\t\t\t\t<div class=\"elementor-element elementor-element-3c1ddee e-flex e-con-boxed e-con e-parent\" data-id=\"3c1ddee\" data-element_type=\"container\" data-e-type=\"container\">\n\t\t\t\t\t<div class=\"e-con-inner\">\n\t\t\t\t<div class=\"elementor-element elementor-element-70d08d9 elementor-widget elementor-widget-text-editor\" data-id=\"70d08d9\" data-element_type=\"widget\" data-e-type=\"widget\" data-widget_type=\"text-editor.default\">\n\t\t\t\t\t\t\t\t\t<p><strong>Haftungsausschluss<\/strong><\/p><p><strong>Allgemeiner Haftungsausschluss<\/strong><\/p><p>Wir haben uns nach besten Kr\u00e4ften bem\u00fcht, sicherzustellen, dass die Informationen auf unserer Website akkurat und richtig sind. Dennoch kann es vorkommen, dass auf unserer Website oder auf Websites, auf die wir verweisen, Dinge stehen, die nicht stimmen. Wir \u00fcbernehmen daf\u00fcr keine Haftung, auch nicht f\u00fcr eventuelle Probleme, die durch die Nutzung oder die Verbreitung der Informationen entstehen.  <\/p><p><strong>Haftungsausschluss f\u00fcr externe Links<\/strong><\/p><p>Wir verweisen auf unserer Website auf die Websites von Dritten. F\u00fcr diese Websites sind wir nicht verantwortlich, auch nicht f\u00fcr deren Inhalte. Es bedeutet auch nicht, dass wir immer mit allen Inhalten auf diesen Websites einverstanden sind, dass wir die Richtigkeit garantieren k\u00f6nnen, noch dass wir irgendeine Verantwortung f\u00fcr die Inhalte auf diesen Websites \u00fcbernehmen. Die Verlinkung dient ausschlie\u00dflich dazu, Ihnen, dem Besucher unserer Website, Hilfestellung zu geben, um weitere Informationen zu erhalten.   <\/p><p><strong>Datenschutz<\/strong><\/p><p>F\u00fcr eine gute Erfahrung mit unserer Website und auch f\u00fcr die Bearbeitung Ihrer Buchung verwenden wir personenbezogene Daten von Ihnen. \u00dcber das Wie und Warum haben wir eine Datenschutzerkl\u00e4rung erstellt. Sie k\u00f6nnen unsere <a href=\"https:\/\/www.hetblijeschaap.com\/privacyverklaring\/\">Datenschutzerkl\u00e4rung<\/a> hier lesen.  <\/p>\t\t\t\t\t\t\t\t<\/div>\n\t\t\t\t\t<\/div>\n\t\t\t\t<\/div>\n\t\t\t\t<\/div>\n\t\t","protected":false},"excerpt":{"rendered":"<p>Haftungsausschluss Allgemeiner Haftungsausschluss Wir haben uns nach besten Kr\u00e4ften bem\u00fcht, sicherzustellen, dass die Informationen auf unserer Website akkurat und richtig sind. Dennoch kann es vorkommen, dass auf unserer Website oder auf Websites, auf die wir verweisen, Dinge stehen, die nicht stimmen. Wir \u00fcbernehmen daf\u00fcr keine Haftung, auch nicht f\u00fcr eventuelle Probleme, die durch die Nutzung [&hellip;]<\/p>\n","protected":false},"author":1,"featured_media":0,"parent":0,"menu_order":0,"comment_status":"closed","ping_status":"closed","template":"","meta":{"footnotes":""},"class_list":["post-1477","page","type-page","status-publish","hentry"],"_links":{"self":[{"href":"https:\/\/www.hetblijeschaap.com\/de\/wp-json\/wp\/v2\/pages\/1477","targetHints":{"allow":["GET"]}}],"collection":[{"href":"https:\/\/www.hetblijeschaap.com\/de\/wp-json\/wp\/v2\/pages"}],"about":[{"href":"https:\/\/www.hetblijeschaap.com\/de\/wp-json\/wp\/v2\/types\/page"}],"author":[{"embeddable":true,"href":"https:\/\/www.hetblijeschaap.com\/de\/wp-json\/wp\/v2\/users\/1"}],"replies":[{"embeddable":true,"href":"https:\/\/www.hetblijeschaap.com\/de\/wp-json\/wp\/v2\/comments?post=1477"}],"version-history":[{"count":1,"href":"https:\/\/www.hetblijeschaap.com\/de\/wp-json\/wp\/v2\/pages\/1477\/revisions"}],"predecessor-version":[{"id":1478,"href":"https:\/\/www.hetblijeschaap.com\/de\/wp-json\/wp\/v2\/pages\/1477\/revisions\/1478"}],"wp:attachment":[{"href":"https:\/\/www.hetblijeschaap.com\/de\/wp-json\/wp\/v2\/media?parent=1477"}],"curies":[{"name":"wp","href":"https:\/\/api.w.org\/{rel}","templated":true}]}}