{"id":1481,"date":"2026-02-02T10:18:58","date_gmt":"2026-02-02T09:18:58","guid":{"rendered":"https:\/\/www.hetblijeschaap.com\/datenschutzerklaerung\/"},"modified":"2026-02-10T08:46:53","modified_gmt":"2026-02-10T07:46:53","slug":"datenschutzerklaerung","status":"publish","type":"page","link":"https:\/\/www.hetblijeschaap.com\/de\/datenschutzerklaerung\/","title":{"rendered":"Datenschutzerkl\u00e4rung"},"content":{"rendered":"\t\t<div data-elementor-type=\"wp-page\" data-elementor-id=\"1481\" class=\"elementor elementor-1481 elementor-1059\" data-elementor-post-type=\"page\">\n\t\t\t\t<div class=\"elementor-element elementor-element-002b153 e-flex e-con-boxed e-con e-parent\" data-id=\"002b153\" data-element_type=\"container\" data-e-type=\"container\">\n\t\t\t\t\t<div class=\"e-con-inner\">\n\t\t\t\t<div class=\"elementor-element elementor-element-b8f09dd elementor-widget elementor-widget-text-editor\" data-id=\"b8f09dd\" data-element_type=\"widget\" data-e-type=\"widget\" data-widget_type=\"text-editor.default\">\n\t\t\t\t\t\t\t\t\t<p><strong>Datenschutzerkl\u00e4rung<\/strong><\/p>\n<p>Ihre pers\u00f6nlichen Daten werden nur f\u00fcr die Buchung, Kommunikation und im Zusammenhang mit der Bezahlung eventuell f\u00e4lliger Zahlungen verwendet. Nach Erf\u00fcllung aller Verpflichtungen werden diese Daten sofort gel\u00f6scht. Nur mit Ihrer pers\u00f6nlichen Zustimmung und\/oder auf Anfrage speichern wir Ihre pers\u00f6nlichen Daten. Wir versenden keine nachtr\u00e4gliche Werbung.<br>B&amp;B Het Blije Schaap, mit Sitz am Zeedijk 6, 9171 AM Blije, ist verantwortlich f\u00fcr die Verarbeitung von personenbezogenen Daten, wie in dieser Datenschutzerkl\u00e4rung dargestellt. In dieser Datenschutzerkl\u00e4rung wird erl\u00e4utert, welche personenbezogenen Daten von B&amp;B Het Blije Schaap verarbeitet werden und f\u00fcr welche Zwecke dies erforderlich ist. Die Verarbeitung der personenbezogenen Daten erfolgt in einer Weise, die mit den Anforderungen des Gesetzes zum Schutz personenbezogener Daten und der DSGVO \u00fcbereinstimmt.     <br><br><\/p>\n<p>Version \u2013 2. November 2025<\/p>\n<p><strong>Kontaktinformationen<\/strong><br>B&amp;B Het Blije Schaap<br>Zeedijk 6<br>9171 AM Blije<br>Tel.: +31651913660<br>E-Mail: contact@hetblijeschaap.com<br>Website: www.hetblijeschaap.com<br>KvK: 98643649 <\/p>\n<p><strong>1 Personenbezogene Daten, die wir verarbeiten<\/strong><br>B&amp;B Het Blije Schaap verarbeitet Ihre personenbezogenen Daten, weil Sie unsere Dienste nutzen und\/oder weil Sie uns diese selbst zur Verf\u00fcgung stellen. Nachfolgend finden Sie eine \u00dcbersicht der personenbezogenen Daten, die wir verarbeiten: <\/p>\n<ul>\n<li>Vor- und Nachname<\/li>\n<li>Adressdaten<\/li>\n<li>Telefonnummer<\/li>\n<li>E-Mail-Adresse<\/li>\n<li>In einigen F\u00e4llen Allergien\/Ern\u00e4hrungsw\u00fcnsche<\/li>\n<\/ul>\n<p><strong>2 Besondere und\/oder sensible personenbezogene Daten, die wir verarbeiten<\/strong><br>Unsere Website und\/oder unser Dienst hat nicht die Absicht, Daten \u00fcber Website-Besucher zu sammeln, die j\u00fcnger als 16 Jahre sind. Es sei denn, sie haben die Erlaubnis der Eltern oder Erziehungsberechtigten. Wir k\u00f6nnen jedoch nicht kontrollieren, ob ein Besucher \u00e4lter als 16 Jahre ist. Wir empfehlen Eltern daher, sich an den Online-Aktivit\u00e4ten ihrer Kinder zu beteiligen, um zu verhindern, dass Daten \u00fcber Kinder ohne elterliche Zustimmung gesammelt werden. Wenn Sie davon \u00fcberzeugt sind, dass wir ohne diese Zustimmung personenbezogene Daten \u00fcber Minderj\u00e4hrige gesammelt haben, kontaktieren Sie uns bitte unter contact@hetblijeschaap.com, dann werden wir diese Informationen l\u00f6schen.    <\/p>\n<p><strong>3 Mit welchem Ziel und auf welcher Grundlage wir personenbezogene Daten verarbeiten<\/strong><br>B&amp;B Het Blije Schaap verarbeitet Ihre personenbezogenen Daten f\u00fcr die folgenden Zwecke:<\/p>\n<ul>\n<li>Die Abwicklung Ihrer Zahlung;<\/li>\n<li>Sie anrufen oder per E-Mail kontaktieren zu k\u00f6nnen, wenn dies zur Ausf\u00fchrung unserer Dienstleistung erforderlich ist;<\/li>\n<li>Die Best\u00e4tigung Ihrer Buchung bei B&amp;B Het Blije Schaap;<\/li>\n<li>Das Nachtregister (notwendig f\u00fcr den Fall einer Notlage und f\u00fcr die Kurtaxe);<\/li>\n<li>B&amp;B Het Blije Schaap verarbeitet auch personenbezogene Daten, wenn wir gesetzlich dazu verpflichtet sind, wie z. B. Daten, die wir f\u00fcr unsere Steuererkl\u00e4rung ben\u00f6tigen;<\/li>\n<\/ul>\n<p><strong>4 Automatisierte Entscheidungsfindung<\/strong><br>B&amp;B Het Blije Schaap trifft keine Entscheidungen auf der Grundlage automatisierter Verarbeitungen \u00fcber Angelegenheiten, die (erhebliche) Folgen f\u00fcr Personen haben k\u00f6nnen. Es handelt sich hierbei um Entscheidungen, die von Computerprogrammen oder -systemen getroffen werden, ohne dass ein Mensch (z. B. ein Mitarbeiter von B&amp;B Het Blije Schaap) dazwischengeschaltet ist. <\/p>\n<p><strong>5 Wie lange wir personenbezogene Daten speichern<\/strong><br>Die personenbezogenen Daten, die wir verarbeiten, werden nicht l\u00e4nger gespeichert, als es f\u00fcr den Zweck, f\u00fcr den wir sie erhalten haben, erforderlich ist. Die Speicherung der Daten ist erforderlich, wenn diese f\u00fcr die Erbringung unserer Dienstleistungen ben\u00f6tigt werden. Wenn das Gesetz jedoch eine andere obligatorische Aufbewahrungsfrist vorsieht, werden Ihre Daten so lange gespeichert, wie das Gesetz dies vorschreibt.  <\/p>\n<p><strong>6 Weitergabe von personenbezogenen Daten an Dritte<\/strong><br>B&amp;B Het Blije Schaap gibt ausschlie\u00dflich an Dritte weiter und nur, wenn dies f\u00fcr die Durchf\u00fchrung unserer Vereinbarung mit Ihnen oder zur Erf\u00fcllung einer gesetzlichen Verpflichtung erforderlich ist. Wenn wir Ihre Daten an eine dritte Partei weitergeben, stellen wir sicher, dass Ihre Daten nicht f\u00fcr andere Zwecke verwendet werden und dass Ihre Daten gel\u00f6scht werden, sobald diese nicht mehr erforderlich sind. Dies tun wir, indem wir eine Vereinbarung mit dem betreffenden Partner abschlie\u00dfen.  <\/p>\n<p><strong>7 Links zu externen Websites<\/strong><br>Auf unserer Website finden Sie eine Reihe von Links zu Websites anderer Organisationen und Unternehmen. B&amp;B Het Blije Schaap kann keine Verantwortung f\u00fcr die Verwendung Ihrer Daten durch diese Organisationen \u00fcbernehmen. Wir empfehlen Ihnen, die Datenschutzerkl\u00e4rung der betreffenden Website zu lesen.  <\/p>\n<p><strong>8 Cookies oder \u00e4hnliche Techniken, die wir verwenden<\/strong><br>B&amp;B Het Blije Schaap verwendet nur technische Cookies, funktionale Cookies und analytische Cookies, die keinen Eingriff in Ihre Privatsph\u00e4re darstellen. Ein Cookie ist eine kleine Textdatei, die beim ersten Besuch dieser Website auf Ihrem Computer, Tablet oder Smartphone gespeichert wird. Die von uns verwendeten Cookies sind f\u00fcr die technische Funktion der Website und Ihren Benutzerkomfort erforderlich. Sie sorgen daf\u00fcr, dass die Website ordnungsgem\u00e4\u00df funktioniert und speichern beispielsweise Ihre bevorzugten Einstellungen. Wir k\u00f6nnen damit auch unsere Website optimieren. Sie k\u00f6nnen sich von Cookies abmelden, indem Sie Ihren Internetbrowser so einstellen, dass er keine Cookies mehr speichert. Dar\u00fcber hinaus k\u00f6nnen Sie auch alle Informationen, die zuvor gespeichert wurden, \u00fcber die Einstellungen Ihres Browsers l\u00f6schen.      <\/p>\n<p><strong>9 Google Analytics<\/strong><br>Wir arbeiten mit Google Analytics, einem Webanalysedienst der Google Inc. Google Analytics verwendet `Cookies\u2019 (Textdateien, die auf Ihrem Computer gespeichert werden), um die Website bei der Analyse der Nutzung der Website durch die Nutzer zu unterst\u00fctzen. Die durch den Cookie erzeugten Informationen \u00fcber Ihre Nutzung der Website (einschlie\u00dflich Ihrer IP-Adresse) werden an Google \u00fcbertragen und auf Servern in den Vereinigten Staaten gespeichert. Google verwendet diese Informationen, um zu verfolgen, wie Sie die Website nutzen, um Berichte \u00fcber die Website-Aktivit\u00e4ten f\u00fcr Website-Betreiber zu erstellen und um andere Dienstleistungen im Zusammenhang mit Website-Aktivit\u00e4ten und Internetnutzung anzubieten. Google kann diese Informationen an Dritte weitergeben, wenn Google gesetzlich dazu verpflichtet ist oder soweit diese Dritten die Informationen im Auftrag von Google verarbeiten. Google wird Ihre IP-Adresse nicht mit anderen Daten von Google zusammenf\u00fchren. Sie k\u00f6nnen die Verwendung von Cookies ablehnen, indem Sie in Ihrem Browser die entsprechenden Einstellungen w\u00e4hlen. Wir weisen Sie jedoch darauf hin, dass Sie in diesem Fall m\u00f6glicherweise nicht alle M\u00f6glichkeiten dieser Website nutzen k\u00f6nnen. Durch die Nutzung dieser Website erkl\u00e4ren Sie sich mit der Bearbeitung der \u00fcber Sie erhobenen Daten durch Google in der zuvor beschriebenen Art und Weise und zu dem zuvor benannten Zweck einverstanden.        <\/p>\n<p><strong>10 Daten einsehen, anpassen oder l\u00f6schen<\/strong><br>Sie haben das Recht, Ihre personenbezogenen Daten einzusehen, zu korrigieren oder zu l\u00f6schen. Dar\u00fcber hinaus haben Sie das Recht, Ihre eventuelle Einwilligung zur Datenverarbeitung zu widerrufen oder Widerspruch gegen die Verarbeitung Ihrer personenbezogenen Daten durch B&amp;B Het Blije Schaap einzulegen, und Sie haben das Recht auf Daten\u00fcbertragbarkeit. Das bedeutet, dass Sie bei uns einen Antrag stellen k\u00f6nnen, um die personenbezogenen Daten, die wir von Ihnen haben, in einer Computerdatei an Sie oder eine andere von Ihnen genannte Organisation zu senden. Sie k\u00f6nnen einen Antrag auf Einsicht, Korrektur, L\u00f6schung, Daten\u00fcbertragung Ihrer personenbezogenen Daten oder einen Antrag auf Widerruf Ihrer Einwilligung oder Widerspruch gegen die Verarbeitung Ihrer personenbezogenen Daten an contact@hetblijeschaap.com senden. Um sicherzustellen, dass der Antrag auf Einsicht von Ihnen gestellt wurde, bitten wir Sie, eine Kopie Ihres Ausweises mit dem Antrag mitzusenden. Machen Sie in dieser Kopie Ihr Passfoto, die MRZ (maschinenlesbare Zone, der Streifen mit den Nummern am unteren Rand des Passes), die Passnummer und die B\u00fcrgerservicenummer (BSN) unkenntlich. Dies dient dem Schutz Ihrer Privatsph\u00e4re. Wir werden so schnell wie m\u00f6glich, jedoch innerhalb von 7 Tagen, auf Ihre Anfrage antworten. B&amp;B Het Blije Schaap m\u00f6chte Sie auch darauf hinweisen, dass Sie die M\u00f6glichkeit haben, eine Beschwerde bei der nationalen Aufsichtsbeh\u00f6rde, der Autoriteit Persoonsgegevens, einzureichen. Dies ist \u00fcber den folgenden Link m\u00f6glich: https:\/\/autoriteitpersoonsgegevens.nl\/nl\/contact-met-de-autoriteit-persoonsgegevens\/tip-ons         <\/p>\n<p><strong>11 Wie wir personenbezogene Daten sch\u00fctzen<\/strong><br>B&amp;B Het Blije Schaap nimmt den Schutz Ihrer Daten ernst und ergreift geeignete Ma\u00dfnahmen, um Missbrauch, Verlust, unbefugten Zugriff, unerw\u00fcnschte Offenlegung und unzul\u00e4ssige \u00c4nderung zu verhindern. Wenn Sie den Eindruck haben, dass Ihre Daten nicht gut gesch\u00fctzt sind oder es Hinweise auf Missbrauch gibt, kontaktieren Sie uns bitte unter contact@hetblijeschaap.com <\/p><p><br>F\u00fcr weitere Informationen \u00fcber den Schutz personenbezogener Daten besuchen Sie bitte die Website der Autoriteit Persoonsgegevens: https:\/\/autoriteitpersoonsgegevens.nl\/nl<\/p>\t\t\t\t\t\t\t\t<\/div>\n\t\t\t\t\t<\/div>\n\t\t\t\t<\/div>\n\t\t\t\t<\/div>\n\t\t","protected":false},"excerpt":{"rendered":"<p>Datenschutzerkl\u00e4rung Ihre pers\u00f6nlichen Daten werden nur f\u00fcr die Buchung, Kommunikation und im Zusammenhang mit der Bezahlung eventuell f\u00e4lliger Zahlungen verwendet. Nach Erf\u00fcllung aller Verpflichtungen werden diese Daten sofort gel\u00f6scht. Nur mit Ihrer pers\u00f6nlichen Zustimmung und\/oder auf Anfrage speichern wir Ihre pers\u00f6nlichen Daten. Wir versenden keine nachtr\u00e4gliche Werbung.B&amp;B Het Blije Schaap, mit Sitz am Zeedijk 6, [&hellip;]<\/p>\n","protected":false},"author":1,"featured_media":0,"parent":0,"menu_order":0,"comment_status":"closed","ping_status":"closed","template":"","meta":{"footnotes":""},"class_list":["post-1481","page","type-page","status-publish","hentry"],"_links":{"self":[{"href":"https:\/\/www.hetblijeschaap.com\/de\/wp-json\/wp\/v2\/pages\/1481","targetHints":{"allow":["GET"]}}],"collection":[{"href":"https:\/\/www.hetblijeschaap.com\/de\/wp-json\/wp\/v2\/pages"}],"about":[{"href":"https:\/\/www.hetblijeschaap.com\/de\/wp-json\/wp\/v2\/types\/page"}],"author":[{"embeddable":true,"href":"https:\/\/www.hetblijeschaap.com\/de\/wp-json\/wp\/v2\/users\/1"}],"replies":[{"embeddable":true,"href":"https:\/\/www.hetblijeschaap.com\/de\/wp-json\/wp\/v2\/comments?post=1481"}],"version-history":[{"count":3,"href":"https:\/\/www.hetblijeschaap.com\/de\/wp-json\/wp\/v2\/pages\/1481\/revisions"}],"predecessor-version":[{"id":1489,"href":"https:\/\/www.hetblijeschaap.com\/de\/wp-json\/wp\/v2\/pages\/1481\/revisions\/1489"}],"wp:attachment":[{"href":"https:\/\/www.hetblijeschaap.com\/de\/wp-json\/wp\/v2\/media?parent=1481"}],"curies":[{"name":"wp","href":"https:\/\/api.w.org\/{rel}","templated":true}]}}