{"id":1487,"date":"2026-02-02T10:11:52","date_gmt":"2026-02-02T09:11:52","guid":{"rendered":"https:\/\/www.hetblijeschaap.com\/allgemeine-geschaeftsbedingungen\/"},"modified":"2026-02-10T08:46:53","modified_gmt":"2026-02-10T07:46:53","slug":"allgemeine-geschaeftsbedingungen","status":"publish","type":"page","link":"https:\/\/www.hetblijeschaap.com\/de\/allgemeine-geschaeftsbedingungen\/","title":{"rendered":"Allgemeine Gesch\u00e4ftsbedingungen"},"content":{"rendered":"\t\t<div data-elementor-type=\"wp-page\" data-elementor-id=\"1487\" class=\"elementor elementor-1487 elementor-1043\" data-elementor-post-type=\"page\">\n\t\t\t\t<div class=\"elementor-element elementor-element-49757b01 e-flex e-con-boxed e-con e-parent\" data-id=\"49757b01\" data-element_type=\"container\" data-e-type=\"container\">\n\t\t\t\t\t<div class=\"e-con-inner\">\n\t\t\t\t<div class=\"elementor-element elementor-element-5fea9af1 elementor-widget elementor-widget-text-editor\" data-id=\"5fea9af1\" data-element_type=\"widget\" data-e-type=\"widget\" data-widget_type=\"text-editor.default\">\n\t\t\t\t\t\t\t\t\t<p><strong>Allgemeine Gesch\u00e4ftsbedingungen<\/strong><br>Diese Allgemeinen Gesch\u00e4ftsbedingungen gelten f\u00fcr alle G\u00e4ste von B&amp;B Het Blije Schaap, ans\u00e4ssig in Zeedijk 6, 9171 AM Blije.<br>Version \u2013 2. November 2025<\/p>\n\n<p><strong>Kontaktinformationen<\/strong><br>B&amp;B Het Blije Schaap<br>Zeedijk 6<br>9171 AM Blije<br>Tel.: +31651913660<br>E-Mail: contact@hetblijeschaap.com<br>Website: www.hetblijeschaap.com<br>KvK: 98643649 <\/p>\n\n<p><strong>Definitionen<\/strong><\/p>\n<ol>\n  <li>Kunde: eine Person, Organisation oder ein Unternehmen, die\/das bei B&amp;B Het Blije Schaap einen Aufenthalt bucht oder f\u00fcr einen Dritten bucht. <\/li>\n  <li>Gast: eine Person, die dem Kunden entspricht und\/oder die Person, die aufgrund der Reservierung des Kunden bei B&amp;B Het Blije Schaap \u00fcbernachtet.<\/li>\n  <li>Eigent\u00fcmer: der Eigent\u00fcmer von B&amp;B Het Blije Schaap oder die Person, die im Namen des Eigent\u00fcmers als Verwalter auftritt.<\/li>\n  <li>Buchung: eine vom B&amp;B Het Blije Schaap schriftlich best\u00e4tigte Reservierungsanfrage.<\/li>\n  <li>Stornierung: Der Widerruf oder die Aufl\u00f6sung der endg\u00fcltigen Buchung innerhalb der geltenden Frist oder ein Nichterscheinen zum Zeitpunkt der Buchung.<\/li>\n  <li>Dritte: jede andere Person und\/oder juristische Person, die kein Gast, Verwalter oder Eigent\u00fcmer ist.<\/li>\n  <li>Aufenthalt: Der gesamte Zeitraum vom Zeitpunkt des Eincheckens\/der Ankunft bis zum Auschecken\/der Abreise.<\/li>\n  <li>B&amp;B: die R\u00e4umlichkeiten f\u00fcr \u00dcbernachtung und Aufenthalt von B&amp;B Het Blije Schaap.<\/li>\n  <li>Unterkunft: der bei B&amp;B Het Blije Schaap gebuchte Raum.<\/li>\n  <li>Die Website: hiermit ist die Website https:\/\/www.hetblijeschaap.com gemeint<\/li>\n<\/ol>\n\n<p><strong>1 Allgemein<\/strong><\/p>\n<ul>\n  <li>Diese Allgemeinen Gesch\u00e4ftsbedingungen treten automatisch mit dem Abschluss einer Vereinbarung mit B&amp;B Het Blije Schaap in Kraft.<\/li>\n  <li>Abweichende Bedingungen und\/oder Bestimmungen, einschlie\u00dflich der Allgemeinen Gesch\u00e4ftsbedingungen des Kunden, sind nicht Bestandteil einer Vereinbarung, es sei denn, diese Bedingungen oder Bestimmungen wurden von B&amp;B Het Blije Schaap schriftlich akzeptiert.<\/li>\n  <li>B&amp;B Het Blije Schaap wird auf der Website www.hetblijeschaap.com beschrieben. Die Website wurde mit Sorgfalt erstellt, es k\u00f6nnen jedoch Unterschiede zwischen den Texten und Fotos auf der Website und der aktuellen Situation auftreten. Hieraus k\u00f6nnen von G\u00e4sten keine Rechte abgeleitet werden.  <\/li>\n  <li>Haustiere von G\u00e4sten sind nicht erlaubt.<\/li>\n  <li>Das Rauchen ist nirgendwo im B&amp;B erlaubt. Drau\u00dfen ist dies erlaubt, aber der Gast ist selbst daf\u00fcr verantwortlich, dass Zigarettenkippen, wenn diese ausreichend gel\u00f6scht sind, in den daf\u00fcr vorgesehenen Aschenbechern oder M\u00fclleimern entsorgt werden. <\/li>\n  <li>Autos k\u00f6nnen auf den daf\u00fcr vorgesehenen Parkpl\u00e4tzen von B&amp;B Het Blije Schaap geparkt werden. Das Parken erfolgt auf eigenes Risiko. <\/li>\n  <li>G\u00e4ste m\u00fcssen immer die Anweisungen des Eigent\u00fcmers befolgen.<\/li>\n  <li>Der Eigent\u00fcmer kann G\u00e4sten bei Versto\u00df gegen die Allgemeinen Gesch\u00e4ftsbedingungen und\/oder die Hausordnung oder bei unangebrachtem Verhalten den Zugang zum Standort von B&amp;B Het Blije Schaap direkt verweigern, ohne weitere Mitteilung und Angabe von Gr\u00fcnden und ohne R\u00fcckerstattung der Aufenthaltskosten.<\/li>\n  <li>Kunden m\u00fcssen 18 Jahre oder \u00e4lter sein, um eine Reservierung vorzunehmen. <\/li>\n  <li>Kunden und G\u00e4ste m\u00fcssen einen festen Wohnsitz haben.<\/li>\n<\/ul>\n\n<p><strong>2 Buchen und best\u00e4tigen<\/strong><\/p>\n<ul>\n  <li>Es kann eine Option auf eine Unterkunft durch den Kunden platziert werden. Diese Option bleibt 24 Stunden g\u00fcltig und kann in Absprache verl\u00e4ngert werden.  <\/li>\n  <li>Wenn es w\u00e4hrend der Optionsfrist andere Interessenten gibt, wird B&amp;B Het Blije Schaap direkt nach der Optionsfrist Kontakt aufnehmen mit der Frage, ob der Kunde die Option in eine Buchung umwandeln m\u00f6chte. <\/li>\n  <li>Eine Option kann jederzeit kostenlos zur\u00fcckgezogen werden. <\/li>\n  <li>Buchungen k\u00f6nnen m\u00fcndlich, telefonisch, per E-Mail oder \u00fcber die Website erfolgen.<\/li>\n  <li>Eine Buchung wird erst dann f\u00fcr den Gast und den Eigent\u00fcmer verbindlich, wenn diese vom Eigent\u00fcmer per E-Mail best\u00e4tigt wurde.<\/li>\n<\/ul>\n\n<p><strong>3 Preise<\/strong><\/p>\n<ul>\n  <li>Alle Preise von B&amp;B Het Blije Schaap sind auf der Website zu finden. Diese Preise sind inklusive Mehrwertsteuer. <\/li>\n  <li>Die Preise pro Nacht von B&amp;B Het Blije Schaap beinhalten Fr\u00fchst\u00fcck und Kurtaxe.<\/li>\n  <li>Alle Preise sind freibleibend und vorbehaltlich zwischenzeitlicher \u00c4nderungen.<\/li>\n  <li>Alle Angaben auf der Website werden nach bestem Wissen und Gewissen gemacht und erfolgen stets unter Vorbehalt zwischenzeitlicher Anpassungen. B&amp;B Het Blije Schaap ist nicht an offensichtliche Fehler auf der Website gebunden. <\/li>\n  <li>Alle Preise verstehen sich exklusive Kosten f\u00fcr eine Storno- und\/oder Reiseversicherung (G\u00e4ste m\u00fcssen selbst f\u00fcr eine solche Versicherung sorgen) und\/oder andere Kosten. <\/li>\n<\/ul>\n\n<p><strong>4 Fakturierung und Bezahlung<\/strong><\/p>\n<ul>\n  <li>Die Zahlung von 50 % des gesamten Reservierungsbetrags muss sp\u00e4testens 1 Monat vor dem Check-in-Datum erfolgen. Wenn das Check-in-Datum innerhalb von 1 Monat nach der Reservierung liegt, muss die Zahlung von 50 % des gesamten Reservierungsbetrags direkt bei der Reservierung erfolgen. <\/li>\n  <li>Der gesamte Reservierungsbetrag muss sp\u00e4testens 24 Stunden vor dem Check-in-Datum bezahlt sein. <\/li>\n  <li>F\u00fcr Reservierungen aus dem Ausland muss der gesamte Reservierungsbetrag sp\u00e4testens 21 Tage vor dem Check-in-Datum bezahlt sein. Wenn das Check-in-Datum innerhalb von 21 Tagen nach der Reservierung liegt, muss die vollst\u00e4ndige Zahlung direkt bei der Reservierung erfolgen. <\/li>\n  <li>Getr\u00e4nke aus der Minibar, Miete von Elektrofahrr\u00e4dern usw. sind nicht inbegriffen und die Bezahlung hierf\u00fcr muss vor dem Auschecken im B&amp;B erfolgen.<\/li>\n  <li>Die Zahlung kann per iDeal, Bank\u00fcberweisung, mit PIN oder bar (passend) erfolgen. <\/li>\n  <li>Bei einem \u201eFr\u00fchbucherurlaub\u201c f\u00fcr die Hochsaison\/Schulferien werden Sie gebeten, 50 % des gesamten Reservierungsbetrags direkt nach der Reservierung zu bezahlen. Der gesamte Reservierungsbetrag muss 1 Monat vor dem Check-in-Datum bezahlt sein. Dies gilt auch f\u00fcr Buchungen aus dem Ausland.  <\/li>\n<\/ul>\n\n<p><strong>5 Stornierung<\/strong><\/p>\n<ul>\n  <li>Bei Stornierung zahlt der Kunde eine Entsch\u00e4digung an den Eigent\u00fcmer: \n    <ul>\n      <li>\uf02d bei Stornierung innerhalb von 1 Monat vor dem Check-in-Datum, 25 % des gesamten Reservierungsbetrags;<\/li>\n      <li>\uf02d bei Stornierung innerhalb von 2 Wochen vor dem Check-in-Datum, 50 % des gesamten Reservierungsbetrags;<\/li>\n      <li>\uf02d bei Stornierung innerhalb von 1 Woche vor dem Check-in-Datum, 75 % des gesamten Reservierungsbetrags;<\/li>\n      <li>\uf02d bei einer Stornierung am Tag des Check-in-Datums oder w\u00e4hrend Ihres Aufenthalts 100 % des gesamten Reservierungsbetrags.<\/li>\n    <\/ul>\n  <\/li>\n  <li>Der bei Stornierung f\u00e4llige Betrag ist innerhalb von 7 Tagen auf das Bankkonto des Eigent\u00fcmers zu \u00fcberweisen.<\/li>\n  <li>Wenn Sie unerwartet nicht in der Lage sind, die get\u00e4tigte Buchung einzuhalten, m\u00fcssen Sie uns dies so schnell wie m\u00f6glich melden, damit wir die dadurch freigewordene Reservierung noch Dritten anbieten k\u00f6nnen.<\/li>\n  <li>Bei sp\u00e4terer Ankunft oder fr\u00fcherer Abreise erfolgt keine R\u00fcckerstattung.<\/li>\n  <li>Stornierungen k\u00f6nnen m\u00fcndlich, telefonisch, per E-Mail (contact@hetblijeschaap.com) oder \u00fcber das Kontaktformular auf der Website mitgeteilt werden. <\/li>\n  <li>B&amp;B Het Blije Schaap hat das Recht, im Falle unvorhergesehener schwerwiegender pers\u00f6nlicher Umst\u00e4nde oder bei Notf\u00e4llen eine endg\u00fcltige Reservierung zur\u00fcckzuziehen. Bereits gezahlte Betr\u00e4ge werden dann vollst\u00e4ndig an den Kunden zur\u00fcckerstattet. <\/li>\n  <li>Wenn Sie den gebuchten Aufenthalt aus irgendeinem Grund auf einen sp\u00e4teren Zeitraum verschieben m\u00f6chten, bleibt die urspr\u00fcngliche Stornierungsfrist im Verh\u00e4ltnis zur ersten Buchung bestehen.<\/li>\n  <li>Sollten Sie Ihren Urlaub in die Hochsaison verlegen, wird der h\u00f6here Betrag in Rechnung gestellt.<\/li>\n<\/ul>\n\n<p><strong>6 Ihre \u00dcbernachtung<\/strong><\/p>\n<ul>\n  <li>Sie werden gebeten, sich bei Ankunft beim Eigent\u00fcmer zu melden.<\/li>\n  <li>Sie k\u00f6nnen zwischen 15:00 und 21:00 Uhr einchecken und zwischen 07:00 und 11:00 Uhr auschecken. Wenn Sie fr\u00fcher einchecken oder sp\u00e4ter auschecken m\u00f6chten, ist dies nur in Absprache m\u00f6glich. <\/li>\n  <li>Der B&amp;B-Raum ist f\u00fcr vier G\u00e4ste eingerichtet. Es ist m\u00f6glich, in Absprache ein zus\u00e4tzliches Baby- oder Kinderbett aufzustellen. <\/li>\n  <li>L\u00e4rmbel\u00e4stigung, insbesondere zwischen 22.00 und 07.00 Uhr, ist zu vermeiden.<\/li>\n  <li>Radios, Fernseher und andere Schallquellen d\u00fcrfen keine Bel\u00e4stigung f\u00fcr andere verursachen. <\/li>\n  <li>Die Nutzung der Unterk\u00fcnfte durch Dritte ist nicht gestattet.<\/li>\n  <li>In der Unterkunft vorhandene B\u00fccher, Zeitschriften und Spiele k\u00f6nnen Sie frei nutzen. Wir vertrauen darauf, dass Sie diese wieder ordentlich und vollst\u00e4ndig zur\u00fcckstellen. Faltbl\u00e4tter und Karten der Umgebung d\u00fcrfen Sie mitnehmen, es sei denn, dies wird durch einen Aufkleber \u201ezur Einsicht\u201c anders angegeben.   <\/li>\n  <li>Besucher d\u00fcrfen nicht ohne Genehmigung des Verwalters und ohne Zuzahlung in der Unterkunft \u00fcbernachten. <\/li>\n  <li>Das Fr\u00fchst\u00fcck wird im Esszimmer serviert. Oder bei sch\u00f6nem Wetter drau\u00dfen, wenn der Gast dies w\u00fcnscht. <\/li>\n  <li>Allergien oder andere Ern\u00e4hrungsw\u00fcnsche bez\u00fcglich des Fr\u00fchst\u00fccks m\u00fcssen Sie bei Ihrer Reservierung angeben.<\/li>\n  <li>Der Gast hat sich ordnungsgem\u00e4\u00df zu verhalten und die Unterkunft gem\u00e4\u00df den vom Eigent\u00fcmer gegebenen angemessenen Gebrauchsanweisungen zu nutzen. <\/li>\n  <li>Der in der Buchungsbest\u00e4tigung genannte Kunde ist f\u00fcr einen ordnungsgem\u00e4\u00dfen Ablauf der Dinge in und um die betreffende Unterkunft verantwortlich. <\/li>\n<\/ul>\n\n<p><strong>7 Sicherheit und Umwelt<\/strong><\/p>\n<ul>\n  <li>Fahrzeuge sind auf den daf\u00fcr vorgesehenen Parkpl\u00e4tzen zu parken. <\/li>\n  <li>Die Unterkunft muss sauber und ordentlich gehalten und so hinterlassen werden. <\/li>\n  <li>Abfall ist zu trennen und in den daf\u00fcr vorgesehenen M\u00fclleimer zu entsorgen. <\/li>\n  <li>Ein Erste-Hilfe-Kasten ist beim Eigent\u00fcmer vorhanden.<\/li>\n  <li>Gepr\u00fcfte Feuerl\u00f6scher sind vorhanden und werden vom Eigent\u00fcmer bei Ihrer Ankunft zugewiesen.<\/li>\n  <li>Die Anwesenheit verd\u00e4chtiger Personen muss direkt dem Eigent\u00fcmer gemeldet werden.<\/li>\n  <li>Haustiere sind nicht erlaubt. <\/li>\n  <li>Rauchen, Kerzen und offenes Feuer sind im Geb\u00e4ude aufgrund der Brandsicherheit nicht erlaubt. <\/li>\n  <li>Auf Missbrauch von Brand-\/L\u00f6schmitteln oder das Unwirksammachen des Rauchmelders steht eine Strafe von 250,00 \u20ac.<\/li>\n  <li>Die Unterkunft ist w\u00e4hrend Ihres Aufenthalts 24 Stunden am Tag zug\u00e4nglich.<\/li>\n  <li>Andere Einrichtungen auf und um das Gel\u00e4nde sind von den G\u00e4sten sorgf\u00e4ltig und gem\u00e4\u00df der Bestimmung zu nutzen. Denken Sie hierbei an: M\u00f6bel, umliegende Stra\u00dfen, Radwege, Z\u00e4une usw.  <\/li>\n  <li>Die Sicherheit eines eventuellen Kindes oder anderweitig hilfsbed\u00fcrftigen Menschen ist von den Eltern oder Begleitern zu gew\u00e4hrleisten. <\/li>\n  <li>Es ist nicht gestattet, unsere Haustiere ohne R\u00fccksprache zu f\u00fcttern oder mit in den B&amp;B-Bereich zu nehmen (wie lieb sie Sie auch anschauen).<\/li>\n<\/ul>\n\n<p><strong>8 Schaden<\/strong><\/p>\n<ul>\n  <li>Bei Vergessen, die Schl\u00fcssel beim Auschecken abzugeben, ist der Kunde verpflichtet, die Schl\u00fcssel innerhalb von 2 Werktagen per Einschreiben an den B&amp;B-Eigent\u00fcmer zu senden.<\/li>\n  <li>Bei Verlust oder anderweitigem Nichtzur\u00fcckgeben von Schl\u00fcsseln der Unterkunft werden alle hieraus entstehenden Kosten dem Kunden in Rechnung gestellt (denken Sie hierbei an den Austausch der Schl\u00f6sser). Der Kunde verpflichtet sich, die Rechnung innerhalb von 14 Tagen nach dem Versand zu begleichen. <\/li>\n  <li>Der Kunde haftet gesetzlich f\u00fcr die von ihm oder seinen Mitg\u00e4sten an der Unterkunft oder den darin befindlichen Sachen verursachten Sch\u00e4den. <\/li>\n  <li>Ein Schadensfall (Besch\u00e4digung, Verlust, Vermissung und\/oder Diebstahl) ist vom Gast direkt dem Eigent\u00fcmer zu melden. Reparatur- und\/oder Ersatzkosten sind vom Gast dem Eigent\u00fcmer auf dessen erstes Verlangen zu erstatten. <\/li>\n  <li>Sollte sich nachtr\u00e4glich nach der Abreise herausstellen, dass Sachen kaputt hinterlassen wurden und dies dem Eigent\u00fcmer nicht gemeldet wurde, folgt dennoch die Rechnung f\u00fcr die entstandenen Reparatur- und\/oder Ersatzkosten. <\/li>\n  <li>Der Eigent\u00fcmer haftet nicht f\u00fcr Sch\u00e4den, Verluste oder Diebstahl von Eigentum der G\u00e4ste.<\/li>\n  <li>Bei Streitigkeiten gehen alle (juristischen) Kosten zu Lasten des Kunden.<\/li>\n  <li>Alle Risiken im Zusammenhang mit einem Aufenthalt bei B&amp;B Het Blije Schaap gehen zu Lasten des Kunden und\/oder der G\u00e4ste.<\/li>\n<\/ul>\n\n<p><strong>9 Beschwerden<\/strong><br>Der Gast darf jederzeit eine Beschwerde vorlegen. B&amp;B Het Blije Schaap wird eine Beschwerde stets angemessen und mit geb\u00fchrender Eile behandeln, so dass die Beschwerde nach Ma\u00dfst\u00e4ben von Zumutbarkeit und Billigkeit behandelt wird. <\/p>\n\n<p><strong>10 H\u00f6here Gewalt<\/strong><\/p>\n<ul>\n  <li>Im Falle h\u00f6herer Gewalt, sowohl dauerhafter als auch vor\u00fcbergehender Natur, ist B&amp;B Het Blije Schaap berechtigt, die Vereinbarung ganz oder teilweise aufzul\u00f6sen oder vor\u00fcbergehend auszusetzen, ohne dass der Gast Anspruch auf Erf\u00fcllung Schadensersatz geltend machen kann. Unter h\u00f6herer Gewalt wird unter anderem, aber nicht ausschlie\u00dflich verstanden: Kriegs(gefahr), St\u00f6rungen im Energiekreislauf, Ma\u00dfnahmen von Regierungsseite, Naturkatastrophen und ferner alle au\u00dfergew\u00f6hnlichen (Wetter-)Umst\u00e4nde, der Tod eines der Eigent\u00fcmer oder eines nahen Familienmitglieds, wodurch die vollst\u00e4ndige oder teilweise Erf\u00fcllung der Vereinbarung nach Zumutbarkeit und Billigkeit nicht vom Eigent\u00fcmer verlangt werden kann. <\/li>\n  <li>In einem dieser F\u00e4lle wird der Eigent\u00fcmer dem Gast so schnell wie m\u00f6glich ein alternatives Angebot zukommen lassen.<\/li>\n  <li>Ist dies nicht m\u00f6glich oder akzeptiert der Kunde das angebotene Alternativ nicht, dann wird eine R\u00fcckerstattung des vollst\u00e4ndigen bereits bezahlten Betrags stattfinden. <\/li>\n  <li>Jeglicher andere Schaden infolge der K\u00fcndigung wird nicht vom Eigent\u00fcmer erstattet. <\/li>\n<\/ul>\n\n<p><strong>11 Haftung<\/strong><\/p>\n<ul>\n  <li>B&amp;B Het Blije Schaap kann nicht vom Kunden, Gast oder Dritten f\u00fcr erlittene Sch\u00e4den infolge des Aufenthalts in der Unterkunft haftbar gemacht werden; der Kunde und Gast stellen den Eigent\u00fcmer von Anspr\u00fcchen diesbez\u00fcglich frei. <\/li>\n  <li>B&amp;B Het Blije Schaap haftet nicht f\u00fcr St\u00f6rungen in und um die Unterkunft, wie z. B. St\u00f6rungen und Ausf\u00e4lle von Strom- und Wasserversorgungen und technischen Anlagen sowie nicht oder nicht rechtzeitig angek\u00fcndigte Bau- und\/oder Stra\u00dfenarbeiten in der N\u00e4he des Standorts.<\/li>\n  <li>Der Eigent\u00fcmer kann nur f\u00fcr Sch\u00e4den haftbar gemacht werden, die auf grobe Fahrl\u00e4ssigkeit oder das Verschulden des Eigent\u00fcmers zur\u00fcckzuf\u00fchren sind. <\/li>\n  <li>Unbeschadet des obenstehenden, ist die Haftung des Eigent\u00fcmers, wenn und soweit B&amp;B Het Blije Schaap aus irgendeinem Grund bez\u00fcglich der Nutzungsvereinbarung rechtskr\u00e4ftig haftbar gemacht wird, auf direkte Sch\u00e4den beschr\u00e4nkt und ist jede Form von Folgesch\u00e4den ausgeschlossen.<\/li>\n  <li>Die Haftung des Eigent\u00fcmers ist ferner stets auf den H\u00f6chstbetrag beschr\u00e4nkt, den der Versicherer von B&amp;B Het Blije Schaap im jeweiligen Fall auszahlen wird.<\/li>\n  <li>B&amp;B Het Blije Schaap \u00fcbernimmt keine Haftung f\u00fcr Verletzungen von Personen und\/oder Sch\u00e4den, Verluste oder Diebstahl von Eigentum des Kunden, Gast oder Dritter.<\/li>\n<\/ul>\n\n<p><strong>12 Datenschutz<\/strong><br>Hierf\u00fcr verweisen wir Sie auf unsere Datenschutzerkl\u00e4rung, die Sie auf der Website finden (Link zur Datenschutzerkl\u00e4rung)<\/p>\n\n<p><strong>13 Schlussbestimmung<\/strong><\/p>\n<ul>\n  <li>Soweit in Regeln des internationalen Privatrechts nichts anderes bestimmt ist, ist auf die vorliegenden Bedingungen ausschlie\u00dflich niederl\u00e4ndisches Recht anwendbar. Nicht-niederl\u00e4ndischsprachige G\u00e4ste werden gebeten, den in Niederl\u00e4ndisch verfassten Allgemeinen Gesch\u00e4ftsbedingungen zuzustimmen. <\/li>\n  <li>Alle Streitigkeiten, die sich aus der Nutzungsvereinbarung oder diesen Bedingungen ergeben, werden in erster Instanz vom zust\u00e4ndigen Gericht in den Niederlanden entschieden, soweit die Regeln des internationalen Privatrechts nichts anderes bestimmen. <\/li>\n  <li>Keine der Parteien kann ihre Rechte und Pflichten an Dritte \u00fcbertragen, soweit in den vorliegenden Bedingungen nichts anderes bestimmt ist.<\/li>\n  <li>Wenn und soweit eine Bestimmung in der Nutzungsvereinbarung und den vorliegenden Bedingungen nichtig sein sollte, bleiben die \u00fcbrigen Bedingungen bestehen und wird der nichtige Artikel so behandelt, als ob er in \u00dcbereinstimmung mit den erkennbaren Absichten der Parteien umgewandelt worden w\u00e4re.<\/li>\n<\/ul>\n\t\t\t\t\t\t\t\t<\/div>\n\t\t\t\t\t<\/div>\n\t\t\t\t<\/div>\n\t\t\t\t<\/div>\n\t\t","protected":false},"excerpt":{"rendered":"<p>Allgemeine Gesch\u00e4ftsbedingungenDiese Allgemeinen Gesch\u00e4ftsbedingungen gelten f\u00fcr alle G\u00e4ste von B&amp;B Het Blije Schaap, ans\u00e4ssig in Zeedijk 6, 9171 AM Blije.Version \u2013 2. November 2025 KontaktinformationenB&amp;B Het Blije SchaapZeedijk 69171 AM BlijeTel.: +31651913660E-Mail: contact@hetblijeschaap.comWebsite: www.hetblijeschaap.comKvK: 98643649 Definitionen Kunde: eine Person, Organisation oder ein Unternehmen, die\/das bei B&amp;B Het Blije Schaap einen Aufenthalt bucht oder f\u00fcr einen [&hellip;]<\/p>\n","protected":false},"author":1,"featured_media":0,"parent":0,"menu_order":0,"comment_status":"closed","ping_status":"closed","template":"","meta":{"footnotes":""},"class_list":["post-1487","page","type-page","status-publish","hentry"],"_links":{"self":[{"href":"https:\/\/www.hetblijeschaap.com\/de\/wp-json\/wp\/v2\/pages\/1487","targetHints":{"allow":["GET"]}}],"collection":[{"href":"https:\/\/www.hetblijeschaap.com\/de\/wp-json\/wp\/v2\/pages"}],"about":[{"href":"https:\/\/www.hetblijeschaap.com\/de\/wp-json\/wp\/v2\/types\/page"}],"author":[{"embeddable":true,"href":"https:\/\/www.hetblijeschaap.com\/de\/wp-json\/wp\/v2\/users\/1"}],"replies":[{"embeddable":true,"href":"https:\/\/www.hetblijeschaap.com\/de\/wp-json\/wp\/v2\/comments?post=1487"}],"version-history":[{"count":1,"href":"https:\/\/www.hetblijeschaap.com\/de\/wp-json\/wp\/v2\/pages\/1487\/revisions"}],"predecessor-version":[{"id":1493,"href":"https:\/\/www.hetblijeschaap.com\/de\/wp-json\/wp\/v2\/pages\/1487\/revisions\/1493"}],"wp:attachment":[{"href":"https:\/\/www.hetblijeschaap.com\/de\/wp-json\/wp\/v2\/media?parent=1487"}],"curies":[{"name":"wp","href":"https:\/\/api.w.org\/{rel}","templated":true}]}}