{"id":1510,"date":"2025-12-03T11:26:34","date_gmt":"2025-12-03T10:26:34","guid":{"rendered":"https:\/\/www.hetblijeschaap.com\/ueber-uns\/"},"modified":"2026-02-10T08:47:00","modified_gmt":"2026-02-10T07:47:00","slug":"ueber-uns","status":"publish","type":"page","link":"https:\/\/www.hetblijeschaap.com\/de\/ueber-uns\/","title":{"rendered":"\u00dcber uns"},"content":{"rendered":"\t\t<div data-elementor-type=\"wp-page\" data-elementor-id=\"1510\" class=\"elementor elementor-1510 elementor-349\" data-elementor-post-type=\"page\">\n\t\t\t\t<div class=\"elementor-element elementor-element-223f218 e-flex e-con-boxed e-con e-parent\" data-id=\"223f218\" data-element_type=\"container\" data-e-type=\"container\" data-settings=\"{&quot;background_background&quot;:&quot;classic&quot;}\">\n\t\t\t\t\t<div class=\"e-con-inner\">\n\t\t<div class=\"elementor-element elementor-element-c5c810c e-con-full e-flex e-con e-child\" data-id=\"c5c810c\" data-element_type=\"container\" data-e-type=\"container\">\n\t\t\t\t<div class=\"elementor-element elementor-element-c1e72b1 elementor-widget__width-inherit elementor-widget elementor-widget-image\" data-id=\"c1e72b1\" data-element_type=\"widget\" data-e-type=\"widget\" data-widget_type=\"image.default\">\n\t\t\t\t\t\t\t\t\t\t\t\t\t\t\t<img fetchpriority=\"high\" decoding=\"async\" width=\"780\" height=\"439\" src=\"https:\/\/www.hetblijeschaap.com\/wp-content\/uploads\/2025\/12\/1-1024x576.jpg\" class=\"attachment-large size-large wp-image-1514\" alt=\"\" srcset=\"https:\/\/www.hetblijeschaap.com\/wp-content\/uploads\/2025\/12\/1-1024x576.jpg 1024w, https:\/\/www.hetblijeschaap.com\/wp-content\/uploads\/2025\/12\/1-600x338.jpg 600w, https:\/\/www.hetblijeschaap.com\/wp-content\/uploads\/2025\/12\/1-300x169.jpg 300w, https:\/\/www.hetblijeschaap.com\/wp-content\/uploads\/2025\/12\/1-768x432.jpg 768w, https:\/\/www.hetblijeschaap.com\/wp-content\/uploads\/2025\/12\/1-1536x865.jpg 1536w, https:\/\/www.hetblijeschaap.com\/wp-content\/uploads\/2025\/12\/1-2048x1153.jpg 2048w\" sizes=\"(max-width: 780px) 100vw, 780px\" \/>\t\t\t\t\t\t\t\t\t\t\t\t\t\t\t<\/div>\n\t\t\t\t<\/div>\n\t\t<div class=\"elementor-element elementor-element-a445588 e-con-full e-flex e-con e-child\" data-id=\"a445588\" data-element_type=\"container\" data-e-type=\"container\">\n\t\t\t\t<div class=\"elementor-element elementor-element-e53c6d5 elementor-widget elementor-widget-heading\" data-id=\"e53c6d5\" data-element_type=\"widget\" data-e-type=\"widget\" data-widget_type=\"heading.default\">\n\t\t\t\t\t<h2 class=\"elementor-heading-title elementor-size-default\">Gastfreundschaft &amp; pers\u00f6nliche Aufmerksamkeit sind uns wichtig<\/h2>\t\t\t\t<\/div>\n\t\t\t\t<div class=\"elementor-element elementor-element-980eb0c elementor-widget elementor-widget-text-editor\" data-id=\"980eb0c\" data-element_type=\"widget\" data-e-type=\"widget\" data-widget_type=\"text-editor.default\">\n\t\t\t\t\t\t\t\t\t<p>Wir sind Rob und Elles und kommen urspr\u00fcnglich aus der Mitte des Landes. <br>Auf unserer Suche nach einem neuen Zuhause stie\u00dfen wir schnell auf dieses B&amp;B und im Handumdrehen geh\u00f6rte uns dieser besondere Ort.<\/p><p>\u00dcber den Namen mussten wir nicht lange nachdenken. Das Erste, was wir sahen, als wir ankamen, war der Deich mit grasenden Schafen. Und naja\u2026.das in Blije\u2026.<\/p><p>Neben den gl\u00fccklichen Schafen und uns (meistens) gl\u00fccklichen selbst, haben wir einen mega gl\u00fccklichen Australian Shepherd, namens Beer. Im B&amp;B werden Sie hier und da ein Schild mit \u201eDie Lehre von Beer\u201c finden. Diese m\u00fcssen Sie nicht befolgen, aber manchmal kann es durchaus sinnvoll sein\u2026.  <\/p><p>Unsere Menagerie wird weiter mit den 2 K\u00e4tzchen Kobus und Suus erg\u00e4nzt. Auch sie sind gl\u00fccklich&#8230; <\/p>\t\t\t\t\t\t\t\t<\/div>\n\t\t\t\t<\/div>\n\t\t\t\t\t<\/div>\n\t\t\t\t<\/div>\n\t\t<div class=\"elementor-element elementor-element-294e199 e-flex e-con-boxed e-con e-parent\" data-id=\"294e199\" data-element_type=\"container\" data-e-type=\"container\" data-settings=\"{&quot;background_background&quot;:&quot;classic&quot;}\">\n\t\t\t\t\t<div class=\"e-con-inner\">\n\t\t\t\t\t<\/div>\n\t\t\t\t<\/div>\n\t\t<div class=\"elementor-element elementor-element-1a15ff8 e-flex e-con-boxed e-con e-parent\" data-id=\"1a15ff8\" data-element_type=\"container\" data-e-type=\"container\" data-settings=\"{&quot;background_background&quot;:&quot;classic&quot;}\">\n\t\t\t\t\t<div class=\"e-con-inner\">\n\t\t<div class=\"elementor-element elementor-element-82142ab e-con-full e-flex e-con e-child\" data-id=\"82142ab\" data-element_type=\"container\" data-e-type=\"container\">\n\t\t\t\t<div class=\"elementor-element elementor-element-bba4bcf elementor-widget elementor-widget-heading\" data-id=\"bba4bcf\" data-element_type=\"widget\" data-e-type=\"widget\" data-widget_type=\"heading.default\">\n\t\t\t\t\t<h2 class=\"elementor-heading-title elementor-size-default\">Unser Ziel ist es, daf\u00fcr zu sorgen, dass es Ihnen an nichts fehlt<\/h2>\t\t\t\t<\/div>\n\t\t\t\t<div class=\"elementor-element elementor-element-7301e2a elementor-widget elementor-widget-text-editor\" data-id=\"7301e2a\" data-element_type=\"widget\" data-e-type=\"widget\" data-widget_type=\"text-editor.default\">\n\t\t\t\t\t\t\t\t\t<p>Und fehlt doch etwas? Lassen Sie es uns wissen! <\/p><p>Wir machen gerne Dinge in Absprache:<\/p><ul class=\"checklist\"><li>Ist es sch\u00f6nes Wetter und Sie fr\u00fchst\u00fccken lieber drau\u00dfen\u2026.kein Problem.<\/li><li>M\u00f6chten Sie fr\u00fcher ankommen oder sp\u00e4ter abreisen\u2026.dann ist das sicherlich besprechbar.<\/li><li>Haben Sie 3 Kinder und finden Sie es \u00e4rgerlich, Ihr drittes Kind zu Hause zur\u00fcckzulassen\u2026..dann verstehen wir das vollkommen und sorgen f\u00fcr ein Zustellbett.<\/li><li>Haben Sie keine Lust, \u201edie ganze Woche\u201c essen zu gehen\u2026..dann ist bestimmt mal abends ein \u201eAanschuiftafel\u201c (Sie schieben buchst\u00e4blich an den Tisch) oder ein \u201eWas der Topf schafft\u201c (wir bringen Ihnen eine Mahlzeit) m\u00f6glich.<\/li><\/ul><p><br>Wir denken gerne mit Ihnen mit und teilen unsere besten Tipps f\u00fcr einen unvergesslichen Aufenthalt.<\/p><p>Nochmal zur\u00fcck zu unserem Beer, dem Gl\u00fccksei\u2026.und der Tatsache, dass Hunde in Absprache willkommen sind. Beer wird jeden Hund voller Enthusiasmus willkommen hei\u00dfen und das tun wir im Prinzip auch. Trotzdem gibt es ein paar Dinge, die wir wichtig finden, wenn Sie Ihren Hund mitnehmen m\u00f6chten. <br>Allererst d\u00fcrfen Hunde nicht in die G\u00e4stezimmer kommen, sondern nur ins Erdgeschoss. Ihr Hund muss dort also ohne Probleme auch nachts alleine bleiben k\u00f6nnen. <\/p><p>Wir bitten Sie, Ihren eigenen Hundekorb und\/oder -box, Trinknapf und Hundefutter mitzubringen.<\/p><p>Ihr Hund sollte sich freundlich gegen\u00fcber Menschen und anderen Hunden verhalten.<\/p><p>I.v.m. die Schafe auf dem Deich, m\u00fcssen Hunde auf dem Gel\u00e4nde und in der Umgebung angeleint sein.<\/p><p>Mit diesen \u201eRegeln\u201c in Acht genommen, sind Sie und Ihr Hund herzlich willkommen und k\u00f6nnen Sie zusammen herrlich lange Spazierg\u00e4nge in der sch\u00f6nen Umgebung genie\u00dfen.<\/p>\t\t\t\t\t\t\t\t<\/div>\n\t\t\t\t<\/div>\n\t\t<div class=\"elementor-element elementor-element-c6abe18 e-con-full e-flex e-con e-child\" data-id=\"c6abe18\" data-element_type=\"container\" data-e-type=\"container\">\n\t\t\t\t<div class=\"elementor-element elementor-element-59fb78b elementor-widget elementor-widget-image\" data-id=\"59fb78b\" data-element_type=\"widget\" data-e-type=\"widget\" data-widget_type=\"image.default\">\n\t\t\t\t\t\t\t\t\t\t\t\t\t\t\t<img decoding=\"async\" width=\"780\" height=\"521\" src=\"https:\/\/www.hetblijeschaap.com\/wp-content\/uploads\/2025\/12\/24-1024x684.jpg\" class=\"attachment-large size-large wp-image-1496\" alt=\"\" srcset=\"https:\/\/www.hetblijeschaap.com\/wp-content\/uploads\/2025\/12\/24-1024x684.jpg 1024w, https:\/\/www.hetblijeschaap.com\/wp-content\/uploads\/2025\/12\/24-600x401.jpg 600w, https:\/\/www.hetblijeschaap.com\/wp-content\/uploads\/2025\/12\/24-300x200.jpg 300w, https:\/\/www.hetblijeschaap.com\/wp-content\/uploads\/2025\/12\/24-768x513.jpg 768w, https:\/\/www.hetblijeschaap.com\/wp-content\/uploads\/2025\/12\/24-1536x1026.jpg 1536w, https:\/\/www.hetblijeschaap.com\/wp-content\/uploads\/2025\/12\/24-2048x1368.jpg 2048w\" sizes=\"(max-width: 780px) 100vw, 780px\" \/>\t\t\t\t\t\t\t\t\t\t\t\t\t\t\t<\/div>\n\t\t\t\t<\/div>\n\t\t\t\t\t<\/div>\n\t\t\t\t<\/div>\n\t\t<div class=\"elementor-element elementor-element-07d280f e-flex e-con-boxed e-con e-parent\" data-id=\"07d280f\" data-element_type=\"container\" data-e-type=\"container\" data-settings=\"{&quot;background_background&quot;:&quot;classic&quot;}\">\n\t\t\t\t\t<div class=\"e-con-inner\">\n\t\t\t\t<div class=\"elementor-element elementor-element-b19d89e elementor-widget elementor-widget-gallery\" data-id=\"b19d89e\" data-element_type=\"widget\" data-e-type=\"widget\" data-settings=\"{&quot;gallery_layout&quot;:&quot;masonry&quot;,&quot;columns&quot;:3,&quot;columns_tablet&quot;:2,&quot;columns_mobile&quot;:1,&quot;gap&quot;:{&quot;unit&quot;:&quot;px&quot;,&quot;size&quot;:10,&quot;sizes&quot;:[]},&quot;gap_tablet&quot;:{&quot;unit&quot;:&quot;px&quot;,&quot;size&quot;:10,&quot;sizes&quot;:[]},&quot;gap_mobile&quot;:{&quot;unit&quot;:&quot;px&quot;,&quot;size&quot;:10,&quot;sizes&quot;:[]},&quot;link_to&quot;:&quot;file&quot;,&quot;overlay_background&quot;:&quot;yes&quot;,&quot;content_hover_animation&quot;:&quot;fade-in&quot;}\" data-widget_type=\"gallery.default\">\n\t\t\t\t\t\t\t<div class=\"elementor-gallery__container\">\n\t\t\t\t\t\t\t<a class=\"e-gallery-item elementor-gallery-item elementor-animated-content\" href=\"https:\/\/www.hetblijeschaap.com\/wp-content\/uploads\/2025\/12\/27.jpg\" data-elementor-open-lightbox=\"yes\" data-elementor-lightbox-slideshow=\"b19d89e\" data-elementor-lightbox-title=\"27\" data-e-action-hash=\"#elementor-action%3Aaction%3Dlightbox%26settings%3DeyJpZCI6MTQ5NywidXJsIjoiaHR0cHM6XC9cL3d3dy5oZXRibGlqZXNjaGFhcC5jb21cL3dwLWNvbnRlbnRcL3VwbG9hZHNcLzIwMjVcLzEyXC8yNy5qcGciLCJzbGlkZXNob3ciOiJiMTlkODllIn0%3D\">\n\t\t\t\t\t<div class=\"e-gallery-image elementor-gallery-item__image\" data-thumbnail=\"https:\/\/www.hetblijeschaap.com\/wp-content\/uploads\/2025\/12\/27-300x200.jpg\" data-width=\"300\" data-height=\"200\" aria-label=\"\" role=\"img\" ><\/div>\n\t\t\t\t\t\t\t\t\t\t\t<div class=\"elementor-gallery-item__overlay\"><\/div>\n\t\t\t\t\t\t\t\t\t\t\t\t\t\t<\/a>\n\t\t\t\t\t\t\t<a class=\"e-gallery-item elementor-gallery-item elementor-animated-content\" href=\"https:\/\/www.hetblijeschaap.com\/wp-content\/uploads\/2025\/12\/26.jpg\" data-elementor-open-lightbox=\"yes\" data-elementor-lightbox-slideshow=\"b19d89e\" data-elementor-lightbox-title=\"26\" data-e-action-hash=\"#elementor-action%3Aaction%3Dlightbox%26settings%3DeyJpZCI6MTUxNSwidXJsIjoiaHR0cHM6XC9cL3d3dy5oZXRibGlqZXNjaGFhcC5jb21cL3dwLWNvbnRlbnRcL3VwbG9hZHNcLzIwMjVcLzEyXC8yNi5qcGciLCJzbGlkZXNob3ciOiJiMTlkODllIn0%3D\">\n\t\t\t\t\t<div class=\"e-gallery-image elementor-gallery-item__image\" data-thumbnail=\"https:\/\/www.hetblijeschaap.com\/wp-content\/uploads\/2025\/12\/26-300x200.jpg\" data-width=\"300\" data-height=\"200\" aria-label=\"\" role=\"img\" ><\/div>\n\t\t\t\t\t\t\t\t\t\t\t<div class=\"elementor-gallery-item__overlay\"><\/div>\n\t\t\t\t\t\t\t\t\t\t\t\t\t\t<\/a>\n\t\t\t\t\t\t\t<a class=\"e-gallery-item elementor-gallery-item elementor-animated-content\" href=\"https:\/\/www.hetblijeschaap.com\/wp-content\/uploads\/2025\/12\/24.jpg\" data-elementor-open-lightbox=\"yes\" data-elementor-lightbox-slideshow=\"b19d89e\" data-elementor-lightbox-title=\"24\" data-e-action-hash=\"#elementor-action%3Aaction%3Dlightbox%26settings%3DeyJpZCI6MTQ5NiwidXJsIjoiaHR0cHM6XC9cL3d3dy5oZXRibGlqZXNjaGFhcC5jb21cL3dwLWNvbnRlbnRcL3VwbG9hZHNcLzIwMjVcLzEyXC8yNC5qcGciLCJzbGlkZXNob3ciOiJiMTlkODllIn0%3D\">\n\t\t\t\t\t<div class=\"e-gallery-image elementor-gallery-item__image\" data-thumbnail=\"https:\/\/www.hetblijeschaap.com\/wp-content\/uploads\/2025\/12\/24-300x200.jpg\" data-width=\"300\" data-height=\"200\" aria-label=\"\" role=\"img\" ><\/div>\n\t\t\t\t\t\t\t\t\t\t\t<div class=\"elementor-gallery-item__overlay\"><\/div>\n\t\t\t\t\t\t\t\t\t\t\t\t\t\t<\/a>\n\t\t\t\t\t\t\t<a class=\"e-gallery-item elementor-gallery-item elementor-animated-content\" href=\"https:\/\/www.hetblijeschaap.com\/wp-content\/uploads\/2025\/12\/23.jpg\" data-elementor-open-lightbox=\"yes\" data-elementor-lightbox-slideshow=\"b19d89e\" data-elementor-lightbox-title=\"23\" data-e-action-hash=\"#elementor-action%3Aaction%3Dlightbox%26settings%3DeyJpZCI6MTQ5NCwidXJsIjoiaHR0cHM6XC9cL3d3dy5oZXRibGlqZXNjaGFhcC5jb21cL3dwLWNvbnRlbnRcL3VwbG9hZHNcLzIwMjVcLzEyXC8yMy5qcGciLCJzbGlkZXNob3ciOiJiMTlkODllIn0%3D\">\n\t\t\t\t\t<div class=\"e-gallery-image elementor-gallery-item__image\" data-thumbnail=\"https:\/\/www.hetblijeschaap.com\/wp-content\/uploads\/2025\/12\/23-300x200.jpg\" data-width=\"300\" data-height=\"200\" aria-label=\"\" role=\"img\" ><\/div>\n\t\t\t\t\t\t\t\t\t\t\t<div class=\"elementor-gallery-item__overlay\"><\/div>\n\t\t\t\t\t\t\t\t\t\t\t\t\t\t<\/a>\n\t\t\t\t\t\t\t<a class=\"e-gallery-item elementor-gallery-item elementor-animated-content\" href=\"https:\/\/www.hetblijeschaap.com\/wp-content\/uploads\/2025\/12\/22.jpg\" data-elementor-open-lightbox=\"yes\" data-elementor-lightbox-slideshow=\"b19d89e\" data-elementor-lightbox-title=\"22\" data-e-action-hash=\"#elementor-action%3Aaction%3Dlightbox%26settings%3DeyJpZCI6MTQ5NSwidXJsIjoiaHR0cHM6XC9cL3d3dy5oZXRibGlqZXNjaGFhcC5jb21cL3dwLWNvbnRlbnRcL3VwbG9hZHNcLzIwMjVcLzEyXC8yMi5qcGciLCJzbGlkZXNob3ciOiJiMTlkODllIn0%3D\">\n\t\t\t\t\t<div class=\"e-gallery-image elementor-gallery-item__image\" data-thumbnail=\"https:\/\/www.hetblijeschaap.com\/wp-content\/uploads\/2025\/12\/22-300x200.jpg\" data-width=\"300\" data-height=\"200\" aria-label=\"\" role=\"img\" ><\/div>\n\t\t\t\t\t\t\t\t\t\t\t<div class=\"elementor-gallery-item__overlay\"><\/div>\n\t\t\t\t\t\t\t\t\t\t\t\t\t\t<\/a>\n\t\t\t\t\t\t\t<a class=\"e-gallery-item elementor-gallery-item elementor-animated-content\" href=\"https:\/\/www.hetblijeschaap.com\/wp-content\/uploads\/2025\/12\/21.jpg\" data-elementor-open-lightbox=\"yes\" data-elementor-lightbox-slideshow=\"b19d89e\" data-elementor-lightbox-title=\"21\" data-e-action-hash=\"#elementor-action%3Aaction%3Dlightbox%26settings%3DeyJpZCI6MTQ5MiwidXJsIjoiaHR0cHM6XC9cL3d3dy5oZXRibGlqZXNjaGFhcC5jb21cL3dwLWNvbnRlbnRcL3VwbG9hZHNcLzIwMjVcLzEyXC8yMS5qcGciLCJzbGlkZXNob3ciOiJiMTlkODllIn0%3D\">\n\t\t\t\t\t<div class=\"e-gallery-image elementor-gallery-item__image\" data-thumbnail=\"https:\/\/www.hetblijeschaap.com\/wp-content\/uploads\/2025\/12\/21-300x200.jpg\" data-width=\"300\" data-height=\"200\" aria-label=\"\" role=\"img\" ><\/div>\n\t\t\t\t\t\t\t\t\t\t\t<div class=\"elementor-gallery-item__overlay\"><\/div>\n\t\t\t\t\t\t\t\t\t\t\t\t\t\t<\/a>\n\t\t\t\t\t\t\t<a class=\"e-gallery-item elementor-gallery-item elementor-animated-content\" href=\"https:\/\/www.hetblijeschaap.com\/wp-content\/uploads\/2025\/12\/18.jpg\" data-elementor-open-lightbox=\"yes\" data-elementor-lightbox-slideshow=\"b19d89e\" data-elementor-lightbox-title=\"18\" data-e-action-hash=\"#elementor-action%3Aaction%3Dlightbox%26settings%3DeyJpZCI6MTQ5OCwidXJsIjoiaHR0cHM6XC9cL3d3dy5oZXRibGlqZXNjaGFhcC5jb21cL3dwLWNvbnRlbnRcL3VwbG9hZHNcLzIwMjVcLzEyXC8xOC5qcGciLCJzbGlkZXNob3ciOiJiMTlkODllIn0%3D\">\n\t\t\t\t\t<div class=\"e-gallery-image elementor-gallery-item__image\" data-thumbnail=\"https:\/\/www.hetblijeschaap.com\/wp-content\/uploads\/2025\/12\/18-300x200.jpg\" data-width=\"300\" data-height=\"200\" aria-label=\"\" role=\"img\" ><\/div>\n\t\t\t\t\t\t\t\t\t\t\t<div class=\"elementor-gallery-item__overlay\"><\/div>\n\t\t\t\t\t\t\t\t\t\t\t\t\t\t<\/a>\n\t\t\t\t\t\t\t<a class=\"e-gallery-item elementor-gallery-item elementor-animated-content\" href=\"https:\/\/www.hetblijeschaap.com\/wp-content\/uploads\/2025\/12\/17.jpg\" data-elementor-open-lightbox=\"yes\" data-elementor-lightbox-slideshow=\"b19d89e\" data-elementor-lightbox-title=\"17\" data-e-action-hash=\"#elementor-action%3Aaction%3Dlightbox%26settings%3DeyJpZCI6MTQ5OSwidXJsIjoiaHR0cHM6XC9cL3d3dy5oZXRibGlqZXNjaGFhcC5jb21cL3dwLWNvbnRlbnRcL3VwbG9hZHNcLzIwMjVcLzEyXC8xNy5qcGciLCJzbGlkZXNob3ciOiJiMTlkODllIn0%3D\">\n\t\t\t\t\t<div class=\"e-gallery-image elementor-gallery-item__image\" data-thumbnail=\"https:\/\/www.hetblijeschaap.com\/wp-content\/uploads\/2025\/12\/17-300x200.jpg\" data-width=\"300\" data-height=\"200\" aria-label=\"\" role=\"img\" ><\/div>\n\t\t\t\t\t\t\t\t\t\t\t<div class=\"elementor-gallery-item__overlay\"><\/div>\n\t\t\t\t\t\t\t\t\t\t\t\t\t\t<\/a>\n\t\t\t\t\t\t\t<a class=\"e-gallery-item elementor-gallery-item elementor-animated-content\" href=\"https:\/\/www.hetblijeschaap.com\/wp-content\/uploads\/2025\/12\/16.jpg\" data-elementor-open-lightbox=\"yes\" data-elementor-lightbox-slideshow=\"b19d89e\" data-elementor-lightbox-title=\"16\" data-e-action-hash=\"#elementor-action%3Aaction%3Dlightbox%26settings%3DeyJpZCI6MTUwMCwidXJsIjoiaHR0cHM6XC9cL3d3dy5oZXRibGlqZXNjaGFhcC5jb21cL3dwLWNvbnRlbnRcL3VwbG9hZHNcLzIwMjVcLzEyXC8xNi5qcGciLCJzbGlkZXNob3ciOiJiMTlkODllIn0%3D\">\n\t\t\t\t\t<div class=\"e-gallery-image elementor-gallery-item__image\" data-thumbnail=\"https:\/\/www.hetblijeschaap.com\/wp-content\/uploads\/2025\/12\/16-300x200.jpg\" data-width=\"300\" data-height=\"200\" aria-label=\"\" role=\"img\" ><\/div>\n\t\t\t\t\t\t\t\t\t\t\t<div class=\"elementor-gallery-item__overlay\"><\/div>\n\t\t\t\t\t\t\t\t\t\t\t\t\t\t<\/a>\n\t\t\t\t\t\t\t<a class=\"e-gallery-item elementor-gallery-item elementor-animated-content\" href=\"https:\/\/www.hetblijeschaap.com\/wp-content\/uploads\/2025\/12\/15.jpg\" data-elementor-open-lightbox=\"yes\" data-elementor-lightbox-slideshow=\"b19d89e\" data-elementor-lightbox-title=\"15\" data-e-action-hash=\"#elementor-action%3Aaction%3Dlightbox%26settings%3DeyJpZCI6MTUwMSwidXJsIjoiaHR0cHM6XC9cL3d3dy5oZXRibGlqZXNjaGFhcC5jb21cL3dwLWNvbnRlbnRcL3VwbG9hZHNcLzIwMjVcLzEyXC8xNS5qcGciLCJzbGlkZXNob3ciOiJiMTlkODllIn0%3D\">\n\t\t\t\t\t<div class=\"e-gallery-image elementor-gallery-item__image\" data-thumbnail=\"https:\/\/www.hetblijeschaap.com\/wp-content\/uploads\/2025\/12\/15-300x200.jpg\" data-width=\"300\" data-height=\"200\" aria-label=\"\" role=\"img\" ><\/div>\n\t\t\t\t\t\t\t\t\t\t\t<div class=\"elementor-gallery-item__overlay\"><\/div>\n\t\t\t\t\t\t\t\t\t\t\t\t\t\t<\/a>\n\t\t\t\t\t\t\t<a class=\"e-gallery-item elementor-gallery-item elementor-animated-content\" href=\"https:\/\/www.hetblijeschaap.com\/wp-content\/uploads\/2025\/12\/1.jpg\" data-elementor-open-lightbox=\"yes\" data-elementor-lightbox-slideshow=\"b19d89e\" data-elementor-lightbox-title=\"1\" data-e-action-hash=\"#elementor-action%3Aaction%3Dlightbox%26settings%3DeyJpZCI6MTUxNCwidXJsIjoiaHR0cHM6XC9cL3d3dy5oZXRibGlqZXNjaGFhcC5jb21cL3dwLWNvbnRlbnRcL3VwbG9hZHNcLzIwMjVcLzEyXC8xLmpwZyIsInNsaWRlc2hvdyI6ImIxOWQ4OWUifQ%3D%3D\">\n\t\t\t\t\t<div class=\"e-gallery-image elementor-gallery-item__image\" data-thumbnail=\"https:\/\/www.hetblijeschaap.com\/wp-content\/uploads\/2025\/12\/1-300x169.jpg\" data-width=\"300\" data-height=\"169\" aria-label=\"\" role=\"img\" ><\/div>\n\t\t\t\t\t\t\t\t\t\t\t<div class=\"elementor-gallery-item__overlay\"><\/div>\n\t\t\t\t\t\t\t\t\t\t\t\t\t\t<\/a>\n\t\t\t\t\t<\/div>\n\t\t\t\t\t<\/div>\n\t\t\t\t\t<\/div>\n\t\t\t\t<\/div>\n\t\t\t\t<\/div>\n\t\t","protected":false},"excerpt":{"rendered":"<p>Gastfreundschaft &amp; pers\u00f6nliche Aufmerksamkeit sind uns wichtig Wir sind Rob und Elles und kommen urspr\u00fcnglich aus der Mitte des Landes. Auf unserer Suche nach einem neuen Zuhause stie\u00dfen wir schnell auf dieses B&amp;B und im Handumdrehen geh\u00f6rte uns dieser besondere Ort. \u00dcber den Namen mussten wir nicht lange nachdenken. Das Erste, was wir sahen, als [&hellip;]<\/p>\n","protected":false},"author":1,"featured_media":0,"parent":0,"menu_order":0,"comment_status":"closed","ping_status":"closed","template":"","meta":{"footnotes":""},"class_list":["post-1510","page","type-page","status-publish","hentry"],"_links":{"self":[{"href":"https:\/\/www.hetblijeschaap.com\/de\/wp-json\/wp\/v2\/pages\/1510","targetHints":{"allow":["GET"]}}],"collection":[{"href":"https:\/\/www.hetblijeschaap.com\/de\/wp-json\/wp\/v2\/pages"}],"about":[{"href":"https:\/\/www.hetblijeschaap.com\/de\/wp-json\/wp\/v2\/types\/page"}],"author":[{"embeddable":true,"href":"https:\/\/www.hetblijeschaap.com\/de\/wp-json\/wp\/v2\/users\/1"}],"replies":[{"embeddable":true,"href":"https:\/\/www.hetblijeschaap.com\/de\/wp-json\/wp\/v2\/comments?post=1510"}],"version-history":[{"count":1,"href":"https:\/\/www.hetblijeschaap.com\/de\/wp-json\/wp\/v2\/pages\/1510\/revisions"}],"predecessor-version":[{"id":1517,"href":"https:\/\/www.hetblijeschaap.com\/de\/wp-json\/wp\/v2\/pages\/1510\/revisions\/1517"}],"wp:attachment":[{"href":"https:\/\/www.hetblijeschaap.com\/de\/wp-json\/wp\/v2\/media?parent=1510"}],"curies":[{"name":"wp","href":"https:\/\/api.w.org\/{rel}","templated":true}]}}