{"id":1831,"date":"2026-03-12T12:42:41","date_gmt":"2026-03-12T11:42:41","guid":{"rendered":"https:\/\/www.hetblijeschaap.com\/bed-and-breakfast-het-blije-schaap\/"},"modified":"2026-03-12T13:31:50","modified_gmt":"2026-03-12T12:31:50","slug":"bed-and-breakfast-het-blije-schaap","status":"publish","type":"page","link":"https:\/\/www.hetblijeschaap.com\/de\/bed-and-breakfast-het-blije-schaap\/","title":{"rendered":"Bed and Breakfast Het Blije Schaap"},"content":{"rendered":"\t\t<div data-elementor-type=\"wp-page\" data-elementor-id=\"1831\" class=\"elementor elementor-1831 elementor-1812\" data-elementor-post-type=\"page\">\n\t\t\t\t<div class=\"elementor-element elementor-element-b8bf808 e-flex e-con-boxed e-con e-parent\" data-id=\"b8bf808\" data-element_type=\"container\" data-e-type=\"container\" data-settings=\"{&quot;background_background&quot;:&quot;classic&quot;}\">\n\t\t\t\t\t<div class=\"e-con-inner\">\n\t\t<div class=\"elementor-element elementor-element-f4a9dc7 e-con-full e-flex e-con e-child\" data-id=\"f4a9dc7\" data-element_type=\"container\" data-e-type=\"container\">\n\t\t\t\t<div class=\"elementor-element elementor-element-6e12759 elementor-widget elementor-widget-heading\" data-id=\"6e12759\" data-element_type=\"widget\" data-e-type=\"widget\" data-widget_type=\"heading.default\">\n\t\t\t\t\t<h2 class=\"elementor-heading-title elementor-size-default\">\u00dcbernachten an der friesischen Wattenmeerk\u00fcste<\/h2>\t\t\t\t<\/div>\n\t\t\t\t<div class=\"elementor-element elementor-element-c96473a elementor-widget elementor-widget-text-editor\" data-id=\"c96473a\" data-element_type=\"widget\" data-e-type=\"widget\" data-widget_type=\"text-editor.default\">\n\t\t\t\t\t\t\t\t\t<p>Willkommen bei Het Blije Schaap, deinem Bed &amp; Breakfast im ruhigen Dorf Blije in Friesland. Hier, wo der Zeedijk das Wattenmeer vom Land trennt, findest du einen Ort, der echte Stille und Weite bietet. Keine Hektik, keine Eile \u2013 nur das Ger\u00e4usch des Windes, der V\u00f6gel und des Wassers.  <\/p>\t\t\t\t\t\t\t\t<\/div>\n\t\t\t\t<div class=\"elementor-element elementor-element-f92faef elementor-widget elementor-widget-heading\" data-id=\"f92faef\" data-element_type=\"widget\" data-e-type=\"widget\" data-widget_type=\"heading.default\">\n\t\t\t\t\t<h2 class=\"elementor-heading-title elementor-size-default\">Warum in Blije \u00fcbernachten?<\/h2>\t\t\t\t<\/div>\n\t\t\t\t<div class=\"elementor-element elementor-element-c79f6ad elementor-widget elementor-widget-text-editor\" data-id=\"c79f6ad\" data-element_type=\"widget\" data-e-type=\"widget\" data-widget_type=\"text-editor.default\">\n\t\t\t\t\t\t\t\t\t<p>Blije ist einer der sch\u00f6nsten, unentdeckten Orte Frieslands. Das kleine Warftdorf liegt direkt am Zeedijk und bietet alles, was ein authentisches friesisches Erlebnis ausmacht: weite Polder, den salzigen Duft des Wattenmeers und eine Ruhe, die man in der gesch\u00e4ftigen Welt selten findet. <\/p><p>Von unserem B&amp;B aus hast du direkten Zugang zu:<\/p><ul><li>Dem Zeedijk \u2013 f\u00fcr einen Spaziergang mit unbezahlbarem Ausblick \u00fcber das Watt und das Wattenmeer<\/li><li>Dem Noarderleech \u2013 einem der sch\u00f6nsten und unber\u00fchrtesten Vogelgebiete der Niederlande<\/li><li>Holwerd \u2013 nur 5 Autominuten entfernt, Ausgangspunkt der F\u00e4hre nach Ameland<\/li><li>Dokkum \u2013 der einzigen Festungsstadt Frieslands, etwa 15 Autominuten entfernt<\/li><\/ul><p>Der friesischen K\u00fcste \u2013 zum Radfahren, Wandern und Natur genie\u00dfen<\/p>\t\t\t\t\t\t\t\t<\/div>\n\t\t\t\t<\/div>\n\t\t<div class=\"elementor-element elementor-element-0c5817a e-con-full e-flex e-con e-child\" data-id=\"0c5817a\" data-element_type=\"container\" data-e-type=\"container\">\n\t\t\t\t<div class=\"elementor-element elementor-element-94a0015 elementor-widget elementor-widget-image\" data-id=\"94a0015\" data-element_type=\"widget\" data-e-type=\"widget\" data-widget_type=\"image.default\">\n\t\t\t\t\t\t\t\t\t\t\t\t\t\t\t<img fetchpriority=\"high\" decoding=\"async\" width=\"768\" height=\"1024\" src=\"https:\/\/www.hetblijeschaap.com\/wp-content\/uploads\/2026\/01\/uxad2xt1lao-768x1024.jpg\" class=\"attachment-large size-large wp-image-1832\" alt=\"Ein Boardwalk, der zu einem Leuchtturm an einem Strand f\u00fchrt\" srcset=\"https:\/\/www.hetblijeschaap.com\/wp-content\/uploads\/2026\/01\/uxad2xt1lao-768x1024.jpg 768w, https:\/\/www.hetblijeschaap.com\/wp-content\/uploads\/2026\/01\/uxad2xt1lao-225x300.jpg 225w, https:\/\/www.hetblijeschaap.com\/wp-content\/uploads\/2026\/01\/uxad2xt1lao-600x800.jpg 600w, https:\/\/www.hetblijeschaap.com\/wp-content\/uploads\/2026\/01\/uxad2xt1lao.jpg 900w\" sizes=\"(max-width: 768px) 100vw, 768px\" \/>\t\t\t\t\t\t\t\t\t\t\t\t\t\t\t<\/div>\n\t\t\t\t<\/div>\n\t\t\t\t\t<\/div>\n\t\t\t\t<\/div>\n\t\t<div class=\"elementor-element elementor-element-0164770 e-flex e-con-boxed e-con e-parent\" data-id=\"0164770\" data-element_type=\"container\" data-e-type=\"container\" data-settings=\"{&quot;background_background&quot;:&quot;classic&quot;}\">\n\t\t\t\t\t<div class=\"e-con-inner\">\n\t\t\t\t\t<\/div>\n\t\t\t\t<\/div>\n\t\t<div class=\"elementor-element elementor-element-9baaa4c e-flex e-con-boxed e-con e-parent\" data-id=\"9baaa4c\" data-element_type=\"container\" data-e-type=\"container\" data-settings=\"{&quot;background_background&quot;:&quot;classic&quot;}\">\n\t\t\t\t\t<div class=\"e-con-inner\">\n\t\t<div class=\"elementor-element elementor-element-8fc8ad0 e-con-full e-flex e-con e-child\" data-id=\"8fc8ad0\" data-element_type=\"container\" data-e-type=\"container\">\n\t\t\t\t<div class=\"elementor-element elementor-element-945a8eb elementor-widget elementor-widget-heading\" data-id=\"945a8eb\" data-element_type=\"widget\" data-e-type=\"widget\" data-widget_type=\"heading.default\">\n\t\t\t\t\t<h2 class=\"elementor-heading-title elementor-size-default\">Nachhaltiger Genuss an der Wattenmeerk\u00fcste<\/h2>\t\t\t\t<\/div>\n\t\t\t\t<div class=\"elementor-element elementor-element-5bdf9d8 elementor-widget elementor-widget-text-editor\" data-id=\"5bdf9d8\" data-element_type=\"widget\" data-e-type=\"widget\" data-widget_type=\"text-editor.default\">\n\t\t\t\t\t\t\t\t\t<p>Das Wattenmeer ist UNESCO-Weltnaturerbe und eines der reichsten Naturgebiete der Welt. Von Blije aus erlebst du dieses besondere Gebiet aus n\u00e4chster N\u00e4he. Geh am fr\u00fchen Morgen auf den Deich und sieh zu, wie die Natur hier ihren eigenen Lauf nimmt \u2013 Reiher, G\u00e4nse, Watv\u00f6gel und zur richtigen Jahreszeit sogar Seehunde auf den Sandb\u00e4nken.  <\/p><p>Ob du nun zum Wattwandern, V\u00f6gelbeobachten oder einfach nur f\u00fcr die Stille und die weite Aussicht kommst: Het Blije Schaap ist dein idealer Ausgangspunkt.<\/p>\t\t\t\t\t\t\t\t<\/div>\n\t\t\t\t<div class=\"elementor-element elementor-element-09352d8 elementor-widget elementor-widget-button\" data-id=\"09352d8\" data-element_type=\"widget\" data-e-type=\"widget\" data-widget_type=\"button.default\">\n\t\t\t\t\t\t\t\t\t\t<a class=\"elementor-button elementor-button-link elementor-size-sm\" href=\"https:\/\/www.hetblijeschaap.com\/de\/reservieren\/\">\n\t\t\t\t\t\t<span class=\"elementor-button-content-wrapper\">\n\t\t\t\t\t\t\t\t\t<span class=\"elementor-button-text\">ZIMMER BUCHEN<\/span>\n\t\t\t\t\t<\/span>\n\t\t\t\t\t<\/a>\n\t\t\t\t\t\t\t\t<\/div>\n\t\t\t\t<\/div>\n\t\t<div class=\"elementor-element elementor-element-3773c85 e-con-full e-flex e-con e-child\" data-id=\"3773c85\" data-element_type=\"container\" data-e-type=\"container\">\n\t\t\t\t<div class=\"elementor-element elementor-element-c65129c elementor-widget elementor-widget-image\" data-id=\"c65129c\" data-element_type=\"widget\" data-e-type=\"widget\" data-widget_type=\"image.default\">\n\t\t\t\t\t\t\t\t\t\t\t\t\t\t\t<img decoding=\"async\" width=\"780\" height=\"521\" src=\"https:\/\/www.hetblijeschaap.com\/wp-content\/uploads\/2025\/12\/24-1024x684.jpg\" class=\"attachment-large size-large wp-image-1496\" alt=\"\" srcset=\"https:\/\/www.hetblijeschaap.com\/wp-content\/uploads\/2025\/12\/24-1024x684.jpg 1024w, https:\/\/www.hetblijeschaap.com\/wp-content\/uploads\/2025\/12\/24-600x401.jpg 600w, https:\/\/www.hetblijeschaap.com\/wp-content\/uploads\/2025\/12\/24-300x200.jpg 300w, https:\/\/www.hetblijeschaap.com\/wp-content\/uploads\/2025\/12\/24-768x513.jpg 768w, https:\/\/www.hetblijeschaap.com\/wp-content\/uploads\/2025\/12\/24-1536x1026.jpg 1536w, https:\/\/www.hetblijeschaap.com\/wp-content\/uploads\/2025\/12\/24-2048x1368.jpg 2048w\" sizes=\"(max-width: 780px) 100vw, 780px\" \/>\t\t\t\t\t\t\t\t\t\t\t\t\t\t\t<\/div>\n\t\t\t\t<\/div>\n\t\t\t\t\t<\/div>\n\t\t\t\t<\/div>\n\t\t\t\t<\/div>\n\t\t","protected":false},"excerpt":{"rendered":"<p>\u00dcbernachten an der friesischen Wattenmeerk\u00fcste Willkommen bei Het Blije Schaap, deinem Bed &amp; Breakfast im ruhigen Dorf Blije in Friesland. Hier, wo der Zeedijk das Wattenmeer vom Land trennt, findest du einen Ort, der echte Stille und Weite bietet. Keine Hektik, keine Eile \u2013 nur das Ger\u00e4usch des Windes, der V\u00f6gel und des Wassers. Warum [&hellip;]<\/p>\n","protected":false},"author":1,"featured_media":0,"parent":0,"menu_order":0,"comment_status":"closed","ping_status":"closed","template":"","meta":{"footnotes":""},"class_list":["post-1831","page","type-page","status-publish","hentry"],"_links":{"self":[{"href":"https:\/\/www.hetblijeschaap.com\/de\/wp-json\/wp\/v2\/pages\/1831","targetHints":{"allow":["GET"]}}],"collection":[{"href":"https:\/\/www.hetblijeschaap.com\/de\/wp-json\/wp\/v2\/pages"}],"about":[{"href":"https:\/\/www.hetblijeschaap.com\/de\/wp-json\/wp\/v2\/types\/page"}],"author":[{"embeddable":true,"href":"https:\/\/www.hetblijeschaap.com\/de\/wp-json\/wp\/v2\/users\/1"}],"replies":[{"embeddable":true,"href":"https:\/\/www.hetblijeschaap.com\/de\/wp-json\/wp\/v2\/comments?post=1831"}],"version-history":[{"count":1,"href":"https:\/\/www.hetblijeschaap.com\/de\/wp-json\/wp\/v2\/pages\/1831\/revisions"}],"predecessor-version":[{"id":1833,"href":"https:\/\/www.hetblijeschaap.com\/de\/wp-json\/wp\/v2\/pages\/1831\/revisions\/1833"}],"wp:attachment":[{"href":"https:\/\/www.hetblijeschaap.com\/de\/wp-json\/wp\/v2\/media?parent=1831"}],"curies":[{"name":"wp","href":"https:\/\/api.w.org\/{rel}","templated":true}]}}